{"id":350,"date":"2022-04-12T19:58:10","date_gmt":"2022-04-12T19:58:10","guid":{"rendered":"https:\/\/sepraboya.com\/?page_id=350"},"modified":"2022-05-16T13:21:11","modified_gmt":"2022-05-16T13:21:11","slug":"ar-ge","status":"publish","type":"page","link":"https:\/\/sepraboya.com\/index.php\/ar-ge\/","title":{"rendered":"Ar-Ge"},"content":{"rendered":"<p>[vc_row][vc_column][vc_column_text]<\/p>\r\n<h4><span style=\"color: #999999;\">Bilgi ve olanaklar\u0131n payla\u015f\u0131m\u0131n\u0131n getirece\u011fi fayday\u0131 hedefleyerek 2012 y\u0131l\u0131nda faaliyete ge\u00e7en Seta\u015f Ar-Ge merkezi Technology Center\u2019da, b\u00fct\u00fcn ara\u015ft\u0131rma ve geli\u015ftirme faaliyetleri ayn\u0131 \u00e7at\u0131 alt\u0131nda toplanarak, farkl\u0131 disiplinler aras\u0131nda i\u015fbirli\u011fi ve sinerji sa\u011flanmaktad\u0131r.<\/span><\/h4>\r\n<p>[\/vc_column_text][vc_separator color=&#8221;custom&#8221; align=&#8221;align_left&#8221; border_width=&#8221;3&#8243; el_width=&#8221;40&#8243; css_animation=&#8221;bounceInDown&#8221; accent_color=&#8221;#f78c02&#8243;][vc_column_text]Pazar beklentilerini \u00f6nceden g\u00f6rebilmek ve \u00e7\u00f6z\u00fcmler sunabilmek i\u00e7in ulusal ve uluslararas\u0131 projelerde rol alarak, hem kendinin hem de i\u015f ortaklar\u0131n\u0131n rekabet g\u00fc\u00e7lerini art\u0131rabilmeyi hedefleyen Seta\u015f Kimya, bilime dayal\u0131 yeni \u00e7\u00f6z\u00fcmler \u00fcretme y\u00f6n\u00fcndeki kabiliyetini s\u00fcrekli olarak geli\u015ftirmekte, bu ama\u00e7la y\u00fcksek kaliteli insan g\u00fcc\u00fcne ve son teknolojiye yat\u0131r\u0131m yapmaktad\u0131r.<\/p>\r\n<p>Bilgi ve olanaklar\u0131n payla\u015f\u0131m\u0131n\u0131n getirece\u011fi fayday\u0131 hedefleyerek yap\u0131land\u0131r\u0131lan Seta\u015f Tecnology Center\u2019da, b\u00fct\u00fcn ara\u015ft\u0131rma ve geli\u015ftirme faaliyetleri ayn\u0131 \u00e7at\u0131 alt\u0131nda toplanarak, farkl\u0131 disiplinler aras\u0131nda i\u015fbirli\u011fi ve sinerji sa\u011flanm\u0131\u015ft\u0131r. \u00c7al\u0131\u015fanlar\u0131n\u0131n %70 inden fazlas\u0131n\u0131n lisans ve \u00fcst\u00fc mezunu olan Technology Center\u2019deki her t\u00fcrl\u00fc analiz ve pilot \u00fcretim ekipmanlar\u0131n\u0131n bulundu\u011fu geli\u015ftirme laboratuvarlar\u0131n\u0131n yan\u0131 s\u0131ra, faaliyette olan uygulama laboratuvarlar\u0131 ile m\u00fc\u015fteri beklentileri ve ihtiya\u00e7lar\u0131 do\u011fru analiz edilip daha h\u0131zl\u0131 \u00e7\u00f6z\u00fcmler \u00fcretilmektedir. Ger\u00e7ekle\u015ftirilen ulusal ve uluslararas\u0131 projeler ile Seta\u015f Kimya hem kendi birikimini geli\u015ftirmekte hem de kimya sekt\u00f6r\u00fcne kal\u0131c\u0131 ve uzun vadeli etkiler b\u0131rakmaktad\u0131r.<\/p>\r\n<p>Seta\u015f Kimya, bu yeni yap\u0131 ile, alan\u0131nda uzman Arge birimlerine sahip olan kurulu\u015flara devletin verdi\u011fi \u201cArge Merkezi Belgesi\u201dni almaya ve Bilim, Sanayi ve Teknoloji Bakanl\u0131\u011f\u0131\u2019n\u0131n sa\u011flad\u0131\u011f\u0131 desteklerden yararlanmaya hak kazanarak, T\u00fcrkiye\u2019de bu belgeye sahip kimya sekt\u00f6r\u00fcndeki az say\u0131daki \u00f6zel \u015firket aras\u0131nda yerini alm\u0131\u015ft\u0131r.<br \/>Seta\u015f Kimya Arge Merkezi; \u00a0Bilim, Sanayi ve Teknoloji Bakanl\u0131\u011f\u0131\u00a0 taraf\u0131ndan periyodik olarak y\u00fcr\u00fct\u00fclen ve \u00a020 Aral\u0131k 2017 tarihinde tamamlan\u0131p ve kamuya ilan edilen, \u00a0Arge Merkezlerinin \u00a0Girdi ( Personel ve Harcama Yo\u011funlu\u011fu) , S\u00fcre\u00e7 ( Proje Kapasitesi ve \u0130\u015fbirli\u011fi-Etkile\u015fim) ve \u00c7\u0131kt\u0131 ( Ticarile\u015fme ve Fikri M\u00fclkiyetler)\u00a0 verilerine g\u00f6re, yetkiliklerinin de\u011ferlendirildi\u011fi \u2018\u2019 Performans Endeksi \u2019\u2019 \u00a0sonu\u00e7lar\u0131na g\u00f6re;<\/p>\r\n<ul>\r\n<li>Sekt\u00f6rel De\u011ferlendirme 13 Kimya firmas\u0131 Arge Merkezi i\u00e7inde 3. s\u0131rada<\/li>\r\n<li>Genel De\u011ferlendirme de ise 144 Arge Merkezi i\u00e7inde\u00a0 21.\u00a0 S\u0131rada<br \/>Yer alma ba\u015far\u0131s\u0131 g\u00f6stermi\u015ftir.<\/li>\r\n<\/ul>\r\n<p>[\/vc_column_text][\/vc_column][\/vc_row]<\/p>","protected":false},"excerpt":{"rendered":"<p>[vc_row][vc_column][vc_column_text] Bilgi ve olanaklar\u0131n payla\u015f\u0131m\u0131n\u0131n getirece\u011fi fayday\u0131 hedefleyerek 2012 y\u0131l\u0131nda faaliyete ge\u00e7en Seta\u015f Ar-Ge merkezi Technology Center\u2019da, b\u00fct\u00fcn ara\u015ft\u0131rma ve geli\u015ftirme faaliyetleri ayn\u0131 \u00e7at\u0131 alt\u0131nda toplanarak, farkl\u0131 disiplinler aras\u0131nda i\u015fbirli\u011fi ve sinerji sa\u011flanmaktad\u0131r. [\/vc_column_text][vc_separator color=&#8221;custom&#8221; align=&#8221;align_left&#8221; border_width=&#8221;3&#8243; el_width=&#8221;40&#8243; css_animation=&#8221;bounceInDown&#8221; accent_color=&#8221;#f78c02&#8243;][vc_column_text]Pazar beklentilerini \u00f6nceden g\u00f6rebilmek ve \u00e7\u00f6z\u00fcmler sunabilmek i\u00e7in ulusal ve uluslararas\u0131 projelerde rol alarak, hem kendinin&hellip;<\/p>\n","protected":false},"author":1,"featured_media":0,"parent":0,"menu_order":0,"comment_status":"closed","ping_status":"closed","template":"","meta":{"footnotes":""},"class_list":["post-350","page","type-page","status-publish","hentry","description-off"],"_links":{"self":[{"href":"https:\/\/sepraboya.com\/index.php\/wp-json\/wp\/v2\/pages\/350","targetHints":{"allow":["GET"]}}],"collection":[{"href":"https:\/\/sepraboya.com\/index.php\/wp-json\/wp\/v2\/pages"}],"about":[{"href":"https:\/\/sepraboya.com\/index.php\/wp-json\/wp\/v2\/types\/page"}],"author":[{"embeddable":true,"href":"https:\/\/sepraboya.com\/index.php\/wp-json\/wp\/v2\/users\/1"}],"replies":[{"embeddable":true,"href":"https:\/\/sepraboya.com\/index.php\/wp-json\/wp\/v2\/comments?post=350"}],"version-history":[{"count":5,"href":"https:\/\/sepraboya.com\/index.php\/wp-json\/wp\/v2\/pages\/350\/revisions"}],"predecessor-version":[{"id":625,"href":"https:\/\/sepraboya.com\/index.php\/wp-json\/wp\/v2\/pages\/350\/revisions\/625"}],"wp:attachment":[{"href":"https:\/\/sepraboya.com\/index.php\/wp-json\/wp\/v2\/media?parent=350"}],"curies":[{"name":"wp","href":"https:\/\/api.w.org\/{rel}","templated":true}]}}